	
{"id":107,"date":"2021-01-19T11:23:21","date_gmt":"2021-01-19T10:23:21","guid":{"rendered":"https:\/\/nova.kpk-rs.si\/en\/?p=107"},"modified":"2023-10-09T10:31:55","modified_gmt":"2023-10-09T08:31:55","slug":"contact-information","status":"publish","type":"page","link":"https:\/\/arhiv.kpk-rs.si\/en\/contact-information\/","title":{"rendered":"Contact information"},"content":{"rendered":"\t\t<div data-elementor-type=\"wp-page\" data-elementor-id=\"107\" class=\"elementor elementor-107\">\n\t\t\t\t\t\t\t\t\t<section class=\"elementor-section elementor-top-section elementor-element elementor-element-c9c2fc3 elementor-section-boxed elementor-section-height-default elementor-section-height-default\" data-id=\"c9c2fc3\" data-element_type=\"section\">\n\t\t\t\t\t\t<div class=\"elementor-container elementor-column-gap-default\">\n\t\t\t\t\t<div class=\"elementor-column elementor-col-100 elementor-top-column elementor-element elementor-element-37d584c\" data-id=\"37d584c\" data-element_type=\"column\">\n\t\t\t<div class=\"elementor-widget-wrap elementor-element-populated\">\n\t\t\t\t\t\t\t\t<div class=\"elementor-element elementor-element-89e6b84 elementor-widget elementor-widget-heading\" data-id=\"89e6b84\" data-element_type=\"widget\" data-widget_type=\"heading.default\">\n\t\t\t\t<div class=\"elementor-widget-container\">\n\t\t\t<h2 class=\"elementor-heading-title elementor-size-default\">Commission for the Prevention of Corruption<\/h2>\t\t<\/div>\n\t\t\t\t<\/div>\n\t\t\t\t<div class=\"elementor-element elementor-element-c063aa7 elementor-widget elementor-widget-text-editor\" data-id=\"c063aa7\" data-element_type=\"widget\" data-widget_type=\"text-editor.default\">\n\t\t\t\t<div class=\"elementor-widget-container\">\n\t\t\t\t\t\t\t<p>Dunajska cesta 56, 1000, Ljubljana<\/p><p><span style=\"font-style: inherit;font-weight: inherit\">Phone: +386 1 400 5710<\/span><\/p><p>Email: <a href=\"mailto:anti.korupcija@kpk-rs.si\">anti.korupcija(at)kpk-rs.si<\/a><\/p><p>Tax no.: 21739609,\u00a0Registration No.: 2015609000<\/p>\t\t\t\t\t\t<\/div>\n\t\t\t\t<\/div>\n\t\t\t\t\t<\/div>\n\t\t<\/div>\n\t\t\t\t\t\t\t<\/div>\n\t\t<\/section>\n\t\t\t\t<section class=\"elementor-section elementor-top-section elementor-element elementor-element-dbe6b83 elementor-section-boxed elementor-section-height-default elementor-section-height-default\" data-id=\"dbe6b83\" data-element_type=\"section\">\n\t\t\t\t\t\t<div class=\"elementor-container elementor-column-gap-default\">\n\t\t\t\t\t<div class=\"elementor-column elementor-col-100 elementor-top-column elementor-element elementor-element-3215d7d\" data-id=\"3215d7d\" data-element_type=\"column\">\n\t\t\t<div class=\"elementor-widget-wrap elementor-element-populated\">\n\t\t\t\t\t\t\t\t<div class=\"elementor-element elementor-element-0894d5c elementor-widget elementor-widget-google_maps\" data-id=\"0894d5c\" data-element_type=\"widget\" data-widget_type=\"google_maps.default\">\n\t\t\t\t<div class=\"elementor-widget-container\">\n\t\t\t\t\t<div class=\"elementor-custom-embed\">\n\t\t\t<iframe loading=\"lazy\"\n\t\t\t\t\tsrc=\"https:\/\/maps.google.com\/maps?q=Komisija%20za%20prepre%C4%8Devanje%20korupcije&#038;t=m&#038;z=15&#038;output=embed&#038;iwloc=near\"\n\t\t\t\t\ttitle=\"Komisija za prepre\u010devanje korupcije\"\n\t\t\t\t\taria-label=\"Komisija za prepre\u010devanje korupcije\"\n\t\t\t><\/iframe>\n\t\t<\/div>\n\t\t\t\t<\/div>\n\t\t\t\t<\/div>\n\t\t\t\t\t<\/div>\n\t\t<\/div>\n\t\t\t\t\t\t\t<\/div>\n\t\t<\/section>\n\t\t\t\t<section class=\"elementor-section elementor-top-section elementor-element elementor-element-a7c08d3 elementor-section-boxed elementor-section-height-default elementor-section-height-default\" data-id=\"a7c08d3\" data-element_type=\"section\">\n\t\t\t\t\t\t<div class=\"elementor-container elementor-column-gap-default\">\n\t\t\t\t\t<div class=\"elementor-column elementor-col-100 elementor-top-column elementor-element elementor-element-82f25c2\" data-id=\"82f25c2\" data-element_type=\"column\">\n\t\t\t<div class=\"elementor-widget-wrap elementor-element-populated\">\n\t\t\t\t\t\t\t\t<section class=\"elementor-section elementor-inner-section elementor-element elementor-element-a13dfd0 elementor-section-boxed elementor-section-height-default elementor-section-height-default\" data-id=\"a13dfd0\" data-element_type=\"section\">\n\t\t\t\t\t\t<div class=\"elementor-container elementor-column-gap-default\">\n\t\t\t\t\t<div class=\"elementor-column elementor-col-100 elementor-inner-column elementor-element elementor-element-0e994a5\" data-id=\"0e994a5\" data-element_type=\"column\">\n\t\t\t<div class=\"elementor-widget-wrap elementor-element-populated\">\n\t\t\t\t\t\t\t\t<div class=\"elementor-element elementor-element-2fb82d0 elementor-widget elementor-widget-toggle\" data-id=\"2fb82d0\" data-element_type=\"widget\" data-widget_type=\"toggle.default\">\n\t\t\t\t<div class=\"elementor-widget-container\">\n\t\t\t\t\t<div class=\"elementor-toggle\">\n\t\t\t\t\t\t\t<div class=\"elementor-toggle-item\">\n\t\t\t\t\t<div id=\"elementor-tab-title-5001\" class=\"elementor-tab-title\" data-tab=\"1\" role=\"button\" aria-controls=\"elementor-tab-content-5001\" aria-expanded=\"false\">\n\t\t\t\t\t\t\t\t\t\t\t\t<span class=\"elementor-toggle-icon elementor-toggle-icon-left\" aria-hidden=\"true\">\n\t\t\t\t\t\t\t\t\t\t\t\t\t\t\t<span class=\"elementor-toggle-icon-closed\"><i class=\"fas fa-caret-right\"><\/i><\/span>\n\t\t\t\t\t\t\t\t<span class=\"elementor-toggle-icon-opened\"><i class=\"elementor-toggle-icon-opened fas fa-caret-up\"><\/i><\/span>\n\t\t\t\t\t\t\t\t\t\t\t\t\t<\/span>\n\t\t\t\t\t\t\t\t\t\t\t\t<a class=\"elementor-toggle-title\" tabindex=\"0\">Public relations<\/a>\n\t\t\t\t\t<\/div>\n\n\t\t\t\t\t<div id=\"elementor-tab-content-5001\" class=\"elementor-tab-content elementor-clearfix\" data-tab=\"1\" role=\"region\" aria-labelledby=\"elementor-tab-title-5001\"><p>Ma\u0161a Jesen\u0161ek: +386 1 400 5715, +386 <span style=\"color: #111111; font-family: Arial, sans-serif; font-size: 16px;\">51 608 240<\/span><\/p><p>Nina Wabra Jaki\u010d: +386 1 400 5711, +386 <span style=\"color: #111111; font-family: Arial, sans-serif; font-size: 16px;\">30 720 226<\/span><\/p><p>Iva Gruden:\u00a0 +386 1\u00a0400 5547, +386 40 252 405<\/p><p>Email:\u00a0<a href=\"mailto:pr.korupcija@kpk-rs.si\">pr.korupcija(at)kpk-rs.s<\/a><\/p><\/div>\n\t\t\t\t<\/div>\n\t\t\t\t\t\t\t<div class=\"elementor-toggle-item\">\n\t\t\t\t\t<div id=\"elementor-tab-title-5002\" class=\"elementor-tab-title\" data-tab=\"2\" role=\"button\" aria-controls=\"elementor-tab-content-5002\" aria-expanded=\"false\">\n\t\t\t\t\t\t\t\t\t\t\t\t<span class=\"elementor-toggle-icon elementor-toggle-icon-left\" aria-hidden=\"true\">\n\t\t\t\t\t\t\t\t\t\t\t\t\t\t\t<span class=\"elementor-toggle-icon-closed\"><i class=\"fas fa-caret-right\"><\/i><\/span>\n\t\t\t\t\t\t\t\t<span class=\"elementor-toggle-icon-opened\"><i class=\"elementor-toggle-icon-opened fas fa-caret-up\"><\/i><\/span>\n\t\t\t\t\t\t\t\t\t\t\t\t\t<\/span>\n\t\t\t\t\t\t\t\t\t\t\t\t<a class=\"elementor-toggle-title\" tabindex=\"0\">Office hours for reporting suspicions of corruption and other breaches of the Integrity and Prevention of Corruption Act<\/a>\n\t\t\t\t\t<\/div>\n\n\t\t\t\t\t<div id=\"elementor-tab-content-5002\" class=\"elementor-tab-content elementor-clearfix\" data-tab=\"2\" role=\"region\" aria-labelledby=\"elementor-tab-title-5002\"><p>Monday to Friday from 9 a.m. to 12 p.m.\u00a0<\/p><p>Phone: +386 1 400 5704<\/p><p>Email:\u00a0<a style=\"background-color: #ffffff\" href=\"mailto:anti.korupcija@kpk-rs.si\" target=\"_blank\" rel=\"noopener\">anti.korupcija(at)kpk-rs.si<\/a><\/p><\/div>\n\t\t\t\t<\/div>\n\t\t\t\t\t\t\t<div class=\"elementor-toggle-item\">\n\t\t\t\t\t<div id=\"elementor-tab-title-5003\" class=\"elementor-tab-title\" data-tab=\"3\" role=\"button\" aria-controls=\"elementor-tab-content-5003\" aria-expanded=\"false\">\n\t\t\t\t\t\t\t\t\t\t\t\t<span class=\"elementor-toggle-icon elementor-toggle-icon-left\" aria-hidden=\"true\">\n\t\t\t\t\t\t\t\t\t\t\t\t\t\t\t<span class=\"elementor-toggle-icon-closed\"><i class=\"fas fa-caret-right\"><\/i><\/span>\n\t\t\t\t\t\t\t\t<span class=\"elementor-toggle-icon-opened\"><i class=\"elementor-toggle-icon-opened fas fa-caret-up\"><\/i><\/span>\n\t\t\t\t\t\t\t\t\t\t\t\t\t<\/span>\n\t\t\t\t\t\t\t\t\t\t\t\t<a class=\"elementor-toggle-title\" tabindex=\"0\">Office hours for matters relating to restrictions on business activities, conflict of interest, incompatibillity of office, gifts, asssets, and breaches of integrity<\/a>\n\t\t\t\t\t<\/div>\n\n\t\t\t\t\t<div id=\"elementor-tab-content-5003\" class=\"elementor-tab-content elementor-clearfix\" data-tab=\"3\" role=\"region\" aria-labelledby=\"elementor-tab-title-5003\"><p>Tuesday from 10 a.m. to 12 p.m.<\/p><p>Thursday from 10 a.m. to 12 p.m.<\/p><p>Phone: +386 1 400 5704<\/p><p>Email:\u00a0<a style=\"background-color: #ffffff\" href=\"mailto:anti.korupcija@kpk-rs.si\" target=\"_blank\" rel=\"noopener\">anti.korupcija(at)kpk-rs.si<\/a><\/p><\/div>\n\t\t\t\t<\/div>\n\t\t\t\t\t\t\t<div class=\"elementor-toggle-item\">\n\t\t\t\t\t<div id=\"elementor-tab-title-5004\" class=\"elementor-tab-title\" data-tab=\"4\" role=\"button\" aria-controls=\"elementor-tab-content-5004\" aria-expanded=\"false\">\n\t\t\t\t\t\t\t\t\t\t\t\t<span class=\"elementor-toggle-icon elementor-toggle-icon-left\" aria-hidden=\"true\">\n\t\t\t\t\t\t\t\t\t\t\t\t\t\t\t<span class=\"elementor-toggle-icon-closed\"><i class=\"fas fa-caret-right\"><\/i><\/span>\n\t\t\t\t\t\t\t\t<span class=\"elementor-toggle-icon-opened\"><i class=\"elementor-toggle-icon-opened fas fa-caret-up\"><\/i><\/span>\n\t\t\t\t\t\t\t\t\t\t\t\t\t<\/span>\n\t\t\t\t\t\t\t\t\t\t\t\t<a class=\"elementor-toggle-title\" tabindex=\"0\">Office hours for matters relating to Integrity Plans and the Anti-Corruption Clause<\/a>\n\t\t\t\t\t<\/div>\n\n\t\t\t\t\t<div id=\"elementor-tab-content-5004\" class=\"elementor-tab-content elementor-clearfix\" data-tab=\"4\" role=\"region\" aria-labelledby=\"elementor-tab-title-5004\"><p>Monday to Thursday from 9 a.m. to 3 p.m.<\/p><p>Friday from 9 a.m. to 2 p.m.<\/p><p>Phone: +386 1 400 5710<\/p><p>Email:\u00a0<a href=\"mailto:anti.korupcija@kpk-rs.si\" target=\"_blank\" rel=\"noopener\">anti.korupcija(at)kpk-rs.si<\/a>,\u00a0<a style=\"background-color: #ffffff\" href=\"mailto:integriteta@kpk-rs.si\" target=\"_blank\" rel=\"noopener\">integriteta(at)kpk-rs.si<\/a><\/p><\/div>\n\t\t\t\t<\/div>\n\t\t\t\t\t\t\t<div class=\"elementor-toggle-item\">\n\t\t\t\t\t<div id=\"elementor-tab-title-5005\" class=\"elementor-tab-title\" data-tab=\"5\" role=\"button\" aria-controls=\"elementor-tab-content-5005\" aria-expanded=\"false\">\n\t\t\t\t\t\t\t\t\t\t\t\t<span class=\"elementor-toggle-icon elementor-toggle-icon-left\" aria-hidden=\"true\">\n\t\t\t\t\t\t\t\t\t\t\t\t\t\t\t<span class=\"elementor-toggle-icon-closed\"><i class=\"fas fa-caret-right\"><\/i><\/span>\n\t\t\t\t\t\t\t\t<span class=\"elementor-toggle-icon-opened\"><i class=\"elementor-toggle-icon-opened fas fa-caret-up\"><\/i><\/span>\n\t\t\t\t\t\t\t\t\t\t\t\t\t<\/span>\n\t\t\t\t\t\t\t\t\t\t\t\t<a class=\"elementor-toggle-title\" tabindex=\"0\">Issues related to the Integrity and Prevention of Corruption Act<\/a>\n\t\t\t\t\t<\/div>\n\n\t\t\t\t\t<div id=\"elementor-tab-content-5005\" class=\"elementor-tab-content elementor-clearfix\" data-tab=\"5\" role=\"region\" aria-labelledby=\"elementor-tab-title-5005\"><p>Email: <a href=\"mailto:anti.korupcija(at)kpk-rs.si\">anti.korupcija(at)kpk-rs.si<\/a><\/p><p>Please allow 15 days for a reply.\u00a0<\/p><\/div>\n\t\t\t\t<\/div>\n\t\t\t\t\t\t\t\t<\/div>\n\t\t\t\t<\/div>\n\t\t\t\t<\/div>\n\t\t\t\t\t<\/div>\n\t\t<\/div>\n\t\t\t\t\t\t\t<\/div>\n\t\t<\/section>\n\t\t\t\t\t<\/div>\n\t\t<\/div>\n\t\t\t\t\t\t\t<\/div>\n\t\t<\/section>\n\t\t\t\t\t\t\t<\/div>\n\t\t","protected":false},"excerpt":{"rendered":"<p>Commission for the Prevention of Corruption Dunajska cesta 56, 1000, Ljubljana Phone: +386 1 400 5710 Email: anti.korupcija(at)kpk-rs.si Tax no.: 21739609,\u00a0Registration No.: 2015609000 Public relations Ma\u0161a Jesen\u0161ek: +386 1 400 5715, +386 51 608 240 Nina Wabra Jaki\u010d: +386 1 400 5711, +386 30 720 226 Iva Gruden:\u00a0 +386 1\u00a0400 5547, +386 40 252 405[&hellip;]<\/p>\n","protected":false},"author":8,"featured_media":0,"parent":0,"menu_order":0,"comment_status":"closed","ping_status":"open","template":"","meta":{"inline_featured_image":false},"publishpress_future_action":{"enabled":false,"date":"1970-01-01 01:00:00","action":"","terms":[],"taxonomy":"","browser_timezone_offset":0},"_links":{"self":[{"href":"https:\/\/arhiv.kpk-rs.si\/en\/wp-json\/wp\/v2\/pages\/107"}],"collection":[{"href":"https:\/\/arhiv.kpk-rs.si\/en\/wp-json\/wp\/v2\/pages"}],"about":[{"href":"https:\/\/arhiv.kpk-rs.si\/en\/wp-json\/wp\/v2\/types\/page"}],"author":[{"embeddable":true,"href":"https:\/\/arhiv.kpk-rs.si\/en\/wp-json\/wp\/v2\/users\/8"}],"replies":[{"embeddable":true,"href":"https:\/\/arhiv.kpk-rs.si\/en\/wp-json\/wp\/v2\/comments?post=107"}],"version-history":[{"count":13,"href":"https:\/\/arhiv.kpk-rs.si\/en\/wp-json\/wp\/v2\/pages\/107\/revisions"}],"predecessor-version":[{"id":1862,"href":"https:\/\/arhiv.kpk-rs.si\/en\/wp-json\/wp\/v2\/pages\/107\/revisions\/1862"}],"wp:attachment":[{"href":"https:\/\/arhiv.kpk-rs.si\/en\/wp-json\/wp\/v2\/media?parent=107"}],"curies":[{"name":"wp","href":"https:\/\/api.w.org\/{rel}","templated":true}]}}